{"id":453,"date":"2025-11-02T21:56:43","date_gmt":"2025-11-02T21:56:43","guid":{"rendered":"https:\/\/eszterslashandbrow.com\/contact\/"},"modified":"2026-01-25T16:51:11","modified_gmt":"2026-01-25T16:51:11","slug":"contact","status":"publish","type":"page","link":"https:\/\/eszterslashandbrow.com\/hu\/contact\/","title":{"rendered":"Kapcsolatfelv\u00e9tel"},"content":{"rendered":"<div class=\"wp-block-uagb-container uagb-block-e4d20c76 alignfull uagb-is-root-container\"><div class=\"uagb-container-inner-blocks-wrap\">\n<div class=\"wp-block-uagb-advanced-heading uagb-block-6570316c\"><h1 class=\"uagb-heading-text\">Kapcsolat<\/h1><\/div>\n<\/div><\/div>\n\n\n\n<div class=\"wp-block-uagb-container uagb-block-32d937db alignfull uagb-is-root-container\"><div class=\"uagb-container-inner-blocks-wrap\">\n<div class=\"wp-block-uagb-container uagb-block-aa86791c\">\n<div class=\"wp-block-uagb-advanced-heading uagb-block-eb9da054\"><h2 class=\"uagb-heading-text\"><strong>Kapcsolatfelv\u00e9tel<\/strong><\/h2><\/div>\n\n\n\n<p>Mobil: <a href=\"tel:+36309614914\" title=\"+36 30 9 614 914\">+36 30 9 614 914<\/a><\/p>\n\n\n\t\t\t<div class=\"srfm-form-container srfm-form-container-2249 srfm-bg-color\">\n\t\t\t<style>\n\t\t\t\t\/* Need to check and remove the input variables related to the Style Tab. *\/\n\t\t\t\t.srfm-form-container-2249 {\n\t\t\t\t\t\/* New test variables *\/\n\t\t\t\t\t--srfm-color-scheme-primary: var(--theme-palette-color-1, #7a0037);\n\t\t\t\t\t--srfm-color-scheme-text-on-primary: var(--theme-palette-color-8, #ffffff);\n\t\t\t\t\t--srfm-color-scheme-text: #1E1E1E;\n\t\t\t\t\t--srfm-quill-editor-color: var(--theme-palette-color-1, #7a0037);\n\n\t\t\t\t\t--srfm-color-input-label: #1E1E1E;\n\t\t\t\t\t--srfm-color-input-description: hsl( from #1E1E1E h s l \/ 0.65 );\n\t\t\t\t\t--srfm-color-input-placeholder: hsl( from #1E1E1E h s l \/ 0.5 );\n\t\t\t\t\t--srfm-color-input-text: #1E1E1E;\n\t\t\t\t\t--srfm-color-input-prefix: hsl( from #1E1E1E h s l \/ 0.65 );\n\t\t\t\t\t--srfm-color-input-background: hsl( from #1E1E1E h s l \/ 0.02 );\n\t\t\t\t\t--srfm-color-input-background-hover: hsl( from #1E1E1E h s l \/ 0.05 );\n\t\t\t\t\t--srfm-color-input-background-disabled: hsl( from #1E1E1E h s l \/ 0.07 );\n\t\t\t\t\t--srfm-color-input-border: hsl( from #1E1E1E h s l \/ 0.25 );\n\t\t\t\t\t--srfm-color-input-border-disabled: hsl( from #1E1E1E h s l \/ 0.15 );\n\t\t\t\t\t--srfm-color-multi-choice-svg: hsl( from #1E1E1E h s l \/ 0.7 );\n\t\t\t\t\t--srfm-color-input-border-hover: hsl( from var(--theme-palette-color-1, #7a0037) h s l \/ 0.65 );\n\t\t\t\t\t--srfm-color-input-border-focus-glow: hsl( from var(--theme-palette-color-1, #7a0037) h s l \/ 0.15 );\n\t\t\t\t\t--srfm-color-input-selected: hsl( from var(--theme-palette-color-1, #7a0037) h s l \/ 0.1 );\n\t\t\t\t\t--srfm-btn-color-hover: hsl( from var(--theme-palette-color-1, #7a0037) h s l \/ 0.9 );\n\t\t\t\t\t--srfm-btn-color-disabled: hsl( from var(--theme-palette-color-1, #7a0037) h s l \/ 0.25 );\n\n\t\t\t\t\t\/* Dropdown Variables *\/\n\t\t\t\t\t--srfm-dropdown-input-background-hover: hsl( from #1E1E1E h s l \/ 0.05 );\n\t\t\t\t\t--srfm-dropdown-option-background-hover: hsl( from #1E1E1E h s l \/ 0.10 );\n\t\t\t\t\t--srfm-dropdown-option-background-selected: hsl( from #1E1E1E h s l \/ 0.05 );\n\t\t\t\t\t--srfm-dropdown-option-selected-icon: hsl( from #1E1E1E h s l \/ 0.65 );\n\t\t\t\t\t--srfm-dropdown-option-text-color: hsl( from #1E1E1E h s l \/ 0.80 );\n\t\t\t\t\t--srfm-dropdown-option-selected-text: #1E1E1E;\n\t\t\t\t\t--srfm-dropdown-badge-background: hsl( from #1E1E1E h s l \/ 0.05 );\n\t\t\t\t\t--srfm-dropdown-badge-background-hover: hsl( from #1E1E1E h s l \/ 0.10 );\n\t\t\t\t\t--srfm-dropdown-menu-border-color: hsl( from #1E1E1E h s l \/ 0.10 );\n\t\t\t\t\t--srfm-dropdown-placeholder-color: hsl( from #1E1E1E h s l \/ 0.50 );\n\t\t\t\t\t--srfm-dropdown-icon-color: hsl( from #1E1E1E h s l \/ 0.65 );\n\t\t\t\t\t--srfm-dropdown-icon-disabled: hsl( from #1E1E1E h s l \/ 0.25 );\n\n\t\t\t\t\t\/* Background Control Variables *\/\n\t\t\t\t\t--srfm-instant-form-padding-top: 32px;--srfm-instant-form-padding-right: 32px;--srfm-instant-form-padding-bottom: 32px;--srfm-instant-form-padding-left: 32px;--srfm-instant-form-border-radius-top: 12px;--srfm-instant-form-border-radius-right: 12px;--srfm-instant-form-border-radius-bottom: 12px;--srfm-instant-form-border-radius-left: 12px;--srfm-form-padding-top: 0px;--srfm-form-padding-right: 0px;--srfm-form-padding-bottom: 0px;--srfm-form-padding-left: 0px;--srfm-form-border-radius-top: 0px;--srfm-form-border-radius-right: 0px;--srfm-form-border-radius-bottom: 0px;--srfm-form-border-radius-left: 0px;--srfm-bg-color: #ffffff;--srfm-bg-overlay-opacity: 1;\t\t\t\t\t--srfm-row-gap-between-blocks: 18px;--srfm-address-label-font-size: 16px;--srfm-address-label-line-height: 24px;--srfm-address-description-font-size: 14px;--srfm-address-description-line-height: 20px;--srfm-col-gap-between-fields: 16px;--srfm-row-gap-between-fields: 16px;--srfm-gap-below-address-label: 14px;--srfm-dropdown-font-size: 14px;--srfm-dropdown-gap-between-input-menu: 4px;--srfm-dropdown-badge-padding: 2px 6px;--srfm-dropdown-multiselect-font-size: 12px;--srfm-dropdown-multiselect-line-height: 16px;--srfm-dropdown-padding-right: 12px;--srfm-dropdown-padding-right-icon: calc( var( --srfm-dropdown-padding-right ) + 20px );--srfm-dropdown-multiselect-padding: 8px var( --srfm-dropdown-padding-right-icon ) 8px 8px;--srfm-input-height: 44px;--srfm-input-field-padding: 10px 12px;--srfm-input-field-font-size: 16px;--srfm-input-field-line-height: 24px;--srfm-input-field-margin-top: 6px;--srfm-input-field-margin-bottom: 6px;--srfm-checkbox-label-font-size: 16px;--srfm-checkbox-label-line-height: 24px;--srfm-checkbox-description-font-size: 14px;--srfm-checkbox-description-line-height: 20px;--srfm-check-ctn-width: 16px;--srfm-check-ctn-height: 16px;--srfm-check-svg-size: 10px;--srfm-checkbox-margin-top-frontend: 4px;--srfm-checkbox-margin-top-editor: 6px;--srfm-check-gap: 8px;--srfm-checkbox-description-margin-left: 24px;--srfm-flag-section-padding: 10px 0 10px 12px;--srfm-gap-between-icon-text: 8px;--srfm-label-font-size: 16px;--srfm-label-line-height: 24px;--srfm-description-font-size: 14px;--srfm-description-line-height: 20px;--srfm-btn-padding: 10px 14px;--srfm-btn-font-size: 16px;--srfm-btn-line-height: 24px;--srfm-multi-choice-horizontal-padding: 20px;--srfm-multi-choice-vertical-padding: 20px;--srfm-multi-choice-internal-option-gap: 8px;--srfm-multi-choice-vertical-svg-size: 40px;--srfm-multi-choice-horizontal-image-size: 24px;--srfm-multi-choice-vertical-image-size: 120px;--srfm-multi-choice-outer-padding: 2px;\t\t\t\t}\n\t\t\t<\/style>\n\t\t\t\t\t\t\t<form method=\"post\" enctype=\"multipart\/form-data\" id=\"srfm-form-2249\" class=\"srfm-form\"\n\t\t\t\tform-id=\"2249\" after-submission=\"hide form\" message-type=\"same page\" success-url=\"\" ajaxurl=\"https:\/\/eszterslashandbrow.com\/wp-admin\/admin-ajax.php\" data-nonce=\"1dbd21226f\" action=\"\"\n\t\t\t\t>\n\t\t\t\t<input type=\"hidden\" id=\"sureforms_form_submit\" name=\"sureforms_form_submit\" value=\"d2d5a0e639\" \/><input type=\"hidden\" name=\"_wp_http_referer\" value=\"\/hu\/wp-json\/wp\/v2\/pages\/453\" \/>\n\t\t\t\t<input type=\"hidden\" value=\"2249\" name=\"form-id\">\n\t\t\t\t<input type=\"hidden\" value=\"\" name=\"srfm-sender-email-field\" id=\"srfm-sender-email\">\n\t\t\t\t<input type=\"hidden\" value=\"\" id=\"srfm-page-break\">\n\t\t\t\t\t\t<p id=\"srfm-error-message\" class=\"srfm-common-error-message srfm-error-message srfm-head-error\" hidden>\t\t<span class=\"srfm-icon\" aria-hidden=\"true\">\n\t\t\t<svg xmlns='http:\/\/www.w3.org\/2000\/svg' width='20' height='20' fill='none'><path d='M9.99935 18.3327C14.6017 18.3327 18.3327 14.6017 18.3327 9.99935C18.3327 5.39698 14.6017 1.66602 9.99935 1.66602C5.39698 1.66602 1.66602 5.39698 1.66602 9.99935C1.66602 14.6017 5.39698 18.3327 9.99935 18.3327Z' stroke='currentColor' stroke-width='1.5' stroke-linecap='round' stroke-linejoin='round' \/><path d='M10 6.66602V9.99935' stroke='currentColor' stroke-width='1.5' stroke-linecap='round' stroke-linejoin='round' \/><path d='M10 13.334H10.0083' stroke='currentColor' stroke-width='1.5' stroke-linecap='round' stroke-linejoin='round' \/><\/svg>\t\t<\/span>\n\t\t<span class=\"srfm-error-content\">There was an error trying to submit your form. Please try again.<\/span><\/p>\n\t\t\t\t\t<div data-block-id=\"602ea2f3\" class=\"srfm-block-single srfm-block srfm-input-block srf-input-602ea2f3-block  srfm-block-width-50 srfm-slug-client-name 2249\" >\n\t\t\t\t\t\t\t\t<label id=\"srfm-label-602ea2f3-lbl-Rmlyc3QgTmFtZQ\" for=\"srfm-input-602ea2f3-lbl-Rmlyc3QgTmFtZQ\" class=\"srfm-block-label\">\n\t\t\t\t\t\tKeresztn\u00e9v\t\t\t\t\t\t\t\t\t\t\t\t\t<span class=\"srfm-required\" aria-hidden=\"true\"> *<\/span>\n\t\t\t\t\t\t\t\t\t\t\t<\/label>\n\t\t\t\t\t\t\t\t\t\t\t\t<div class=\"srfm-block-wrap\">\n\t\t\t\t<input class=\"srfm-input-common srfm-input-input\" type=\"text\" name=\"srfm-input-602ea2f3-lbl-Rmlyc3QgTmFtZQ-client-name\" id=\"srfm-input-602ea2f3-lbl-Rmlyc3QgTmFtZQ\"\n\t\t\t\t\taria-describedby='srfm-error-602ea2f3'\t\t\t\t\tdata-required=\"true\" aria-required=\"true\" data-unique=\"false\" maxlength=\"100\" value=\"\"  data-srfm-mask=\"none\"   \/>\n\t\t\t\t<\/div>\n\t\t\t\t<div class=\"srfm-error-wrap\">\n\t\t\t\t\t\t\t\t\t\t<div class=\"srfm-error-message\" data-srfm-id=\"srfm-error-602ea2f3\" data-error-msg=\"This field is required.\" data-unique-msg=\"Value needs to be unique.\">\n\t\t\t\t\t\tEz a mez\u0151 k\u00f6telez\u0151.\t\t\t\t\t<\/div>\n\t\t\t\t\t\t\t\t\t<\/div>\n\t\t\t<\/div>\n\t\t\n\n\t\t\t<div data-block-id=\"59be8883\" class=\"srfm-block-single srfm-block srfm-input-block srf-input-59be8883-block  srfm-block-width-50 srfm-slug-last-name 2249\" >\n\t\t\t\t\t\t\t\t<label id=\"srfm-label-59be8883-lbl-TGFzdCBOYW1l\" for=\"srfm-input-59be8883-lbl-TGFzdCBOYW1l\" class=\"srfm-block-label\">\n\t\t\t\t\t\tVezet\u00e9kn\u00e9v\t\t\t\t\t\t\t\t\t\t\t\t\t<span class=\"srfm-required\" aria-hidden=\"true\"> *<\/span>\n\t\t\t\t\t\t\t\t\t\t\t<\/label>\n\t\t\t\t\t\t\t\t\t\t\t\t<div class=\"srfm-block-wrap\">\n\t\t\t\t<input class=\"srfm-input-common srfm-input-input\" type=\"text\" name=\"srfm-input-59be8883-lbl-TGFzdCBOYW1l-last-name\" id=\"srfm-input-59be8883-lbl-TGFzdCBOYW1l\"\n\t\t\t\t\taria-describedby='srfm-error-59be8883'\t\t\t\t\tdata-required=\"true\" aria-required=\"true\" data-unique=\"false\" maxlength=\"100\" value=\"\"  data-srfm-mask=\"none\"   \/>\n\t\t\t\t<\/div>\n\t\t\t\t<div class=\"srfm-error-wrap\">\n\t\t\t\t\t\t\t\t\t\t<div class=\"srfm-error-message\" data-srfm-id=\"srfm-error-59be8883\" data-error-msg=\"This field is required.\" data-unique-msg=\"Value needs to be unique.\">\n\t\t\t\t\t\tEz a mez\u0151 k\u00f6telez\u0151.\t\t\t\t\t<\/div>\n\t\t\t\t\t\t\t\t\t<\/div>\n\t\t\t<\/div>\n\t\t\n\n\t\t\t<div data-block-id=\"2fae4edb\" class=\"srfm-block-single srfm-block srfm-email-block-wrap srfm-block-width-100 2249\">\n\t\t\t\t<div class=\"srfm-email-block srf-email-2fae4edb-block\">\n\t\t\t\t\t\t\t\t\t\t<label id=\"srfm-label-2fae4edb-lbl-RW1haWw\" for=\"srfm-email-2fae4edb-lbl-RW1haWw\" class=\"srfm-block-label\">\n\t\t\t\t\t\tE-mail\t\t\t\t\t\t\t\t\t\t\t\t\t<span class=\"srfm-required\" aria-hidden=\"true\"> *<\/span>\n\t\t\t\t\t\t\t\t\t\t\t<\/label>\n\t\t\t\t\t\t\t\t\t\t\t\t\t\t\t<div class=\"srfm-block-wrap\">\n\t\t\t\t\t\t<input class=\"srfm-input-common srfm-input-email\" type=\"email\" name=\"srfm-email-2fae4edb-lbl-RW1haWw-email\" id=\"srfm-email-2fae4edb-lbl-RW1haWw\"\n\t\t\t\t\t\taria-describedby='srfm-error-2fae4edb'\t\t\t\t\t\tdata-required=\"true\" aria-required=\"true\" data-unique=\"true\" value=\"\"   \/>\n\t\t\t\t\t<\/div>\n\t\t\t\t\t<div class=\"srfm-error-wrap\">\n\t\t\t\t\t\t\t\t\t\t\t<div class=\"srfm-error-message\" data-srfm-id=\"srfm-error-2fae4edb\" data-error-msg=\"This field is required.\" data-unique-msg=\"Value needs to be unique.\">\n\t\t\t\t\t\tEz a mez\u0151 k\u00f6telez\u0151.\t\t\t\t\t<\/div>\n\t\t\t\t\t\t\t\t\t\t<\/div>\n\t\t\t\t<\/div>\n\t\t\t\t\t\t\t<\/div>\n\t\t\n\n\t\t<div data-block-id=\"ae663fab\" class=\"srfm-block-single srfm-block srfm-phone-block srf-phone-ae663fab-block srfm-block-width-100 2249\">\n\t\t\t\t\t\t\t\t<label id=\"srfm-label-ae663fab-lbl-VGVsZXBob25lIE51bWJlcg\" for=\"srfm-phone-ae663fab-lbl-VGVsZXBob25lIE51bWJlcg\" class=\"srfm-block-label\">\n\t\t\t\t\t\tTelefonsz\u00e1m\t\t\t\t\t\t\t\t\t\t\t\t\t<span class=\"srfm-required\" aria-hidden=\"true\"> *<\/span>\n\t\t\t\t\t\t\t\t\t\t\t<\/label>\n\t\t\t\t\t\t\t\t\t\t\t<div class=\"srfm-block-wrap\">\n\t\t\t\t<input type=\"tel\" class=\"srfm-input-common srfm-input-phone\" name=\"srfm-phone-ae663fab-lbl-VGVsZXBob25lIE51bWJlcg-telephone-number\" id=\"srfm-phone-ae663fab-lbl-VGVsZXBob25lIE51bWJlcg\"\n\t\t\t\taria-describedby='srfm-error-ae663fab'\t\t\t\tdata-required=\"true\" aria-required=\"true\" auto-country=\"true\" default-country=\"\" value=\"\"  data-unique=\"false\">\n\t\t\t<\/div>\n\t\t\t<div class=\"srfm-error-wrap\">\n\t\t\t\t\t\t\t\t\t<div class=\"srfm-error-message\" data-srfm-id=\"srfm-error-ae663fab\" data-error-msg=\"This field is required.\" data-unique-msg=\"Value needs to be unique.\">\n\t\t\t\t\t\tEz a mez\u0151 k\u00f6telez\u0151.\t\t\t\t\t<\/div>\n\t\t\t\t\t\t\t\t<\/div>\n\t\t<\/div>\n\t\t\n\n\t\t\t<div data-block-id=\"46fea39e\" class=\"srfm-block-single srfm-block srfm-dropdown-block srf-dropdown-46fea39e-block  srfm-block-width-100 srfm-slug-subject 2249\">\n\t\t\t\t<fieldset>\n\t\t\t\t\t<input class=\"srfm-input-dropdown-hidden\" data-required=\"true\" aria-required=\"true\"  name=\"srfm-dropdown-1-46fea39e-lbl-U3ViamVjdA-subject\" type=\"hidden\" value=\"\"\/>\n\t\t\t\t\t<legend class=\"srfm-block-legend\">\n\t\t\t\t\t\t\t\t\t\t\tT\u00e1rgy:\t\t\t\t\t\t\t\t\t\t\t<span class=\"srfm-required\" aria-hidden=\"true\"> *<\/span>\n\t\t\t\t\t\t\t\t\t\t\t\t\t\t\t\t\t\t\t\t\t<\/legend>\n\t\t\t\t\t<div class=\"srfm-block-wrap srfm-dropdown-common-wrap\">\n\t\t\t\t\t\t\t\t\t\t<select\n\t\t\t\t\t\tclass=\"srfm-dropdown-common srfm-dropdown-input\"\n\t\t\t\t\t\taria-describedby='srfm-error-46fea39e'\t\t\t\tdata-required=\"true\" aria-required=\"true\"  name=\"srfm-dropdown-1-46fea39e-lbl-U3ViamVjdA-subject\" data-multiple=\"false\" data-searchable=\"true\" tabindex=\"0\" aria-hidden=\"true\">\n\t\t\t\t\t<option class=\"srfm-dropdown-placeholder\" value=\"\" disabled selected>V\u00e1lassz ki egy opci\u00f3t<\/option>\n\t\t\t\t\t\t\t\t\t\t\t\t\t\t\t\t\t\t\t\t\t<option value=\"New Booking\" data-icon=\"\" >\u00daj foglal\u00e1s<\/option>\n\t\t\t\t\t\t\t\t\t\t\t\t\t\t\t\t\t\t\t\t\t\t\t<option value=\"General Enquiry\" data-icon=\"\" >\u00c1ltal\u00e1nos \u00e9rdekl\u0151d\u00e9s<\/option>\n\t\t\t\t\t\t\t\t\t\t\t\t\t\t\t\t\t\t\t\t\t\t\t<option value=\"Other\" data-icon=\"\" >Egy\u00e9b<\/option>\n\t\t\t\t\t\t\t\t\t\t\t\t\t<\/select>\n\t\t\t\t\t\t\t\t\t\t<\/div>\n\t\t\t\t\t<div class=\"srfm-error-wrap\">\n\t\t\t\t\t\t\t\t\t\t\t<div class=\"srfm-error-message\" data-srfm-id=\"srfm-error-46fea39e\" data-error-msg=\"This field is required.\">\n\t\t\t\t\t\tEz a mez\u0151 k\u00f6telez\u0151.\t\t\t\t\t<\/div>\n\t\t\t\t\t\t\t\t\t\t<\/div>\n\t\t\t\t<\/fieldset>\n\t\t\t<\/div>\n\t\t\n\n\t\t\t<div data-block-id=\"3a601463\" class=\"srfm-block-single srfm-block srfm-dropdown-block srf-dropdown-3a601463-block  srfm-block-width-100 srfm-slug-how-did-you-hear-about-eszters-lash-and-brows 2249\">\n\t\t\t\t<fieldset>\n\t\t\t\t\t<input class=\"srfm-input-dropdown-hidden\" data-required=\"true\" aria-required=\"true\"  name=\"srfm-dropdown-2-3a601463-lbl-SG93IGRpZCB5b3UgaGVhciBhYm91dCBFc3p0ZXIncyBMYXNoIGFuZCBCcm93cz8-how-did-you-hear-about-eszters-lash-and-brows\" type=\"hidden\" value=\"\"\/>\n\t\t\t\t\t<legend class=\"srfm-block-legend\">\n\t\t\t\t\t\t\t\t\t\t\tHogyan hallott\u00e1l az Eszter's Lash and Browsr\u00f3l?\t\t\t\t\t\t\t\t\t\t\t<span class=\"srfm-required\" aria-hidden=\"true\"> *<\/span>\n\t\t\t\t\t\t\t\t\t\t\t\t\t\t\t\t\t\t\t\t\t<\/legend>\n\t\t\t\t\t<div class=\"srfm-block-wrap srfm-dropdown-common-wrap\">\n\t\t\t\t\t\t\t\t\t\t<select\n\t\t\t\t\t\tclass=\"srfm-dropdown-common srfm-dropdown-input\"\n\t\t\t\t\t\taria-describedby='srfm-error-3a601463'\t\t\t\tdata-required=\"true\" aria-required=\"true\"  name=\"srfm-dropdown-2-3a601463-lbl-SG93IGRpZCB5b3UgaGVhciBhYm91dCBFc3p0ZXIncyBMYXNoIGFuZCBCcm93cz8-how-did-you-hear-about-eszters-lash-and-brows\" data-multiple=\"false\" data-searchable=\"true\" tabindex=\"0\" aria-hidden=\"true\">\n\t\t\t\t\t<option class=\"srfm-dropdown-placeholder\" value=\"\" disabled selected>V\u00e1lassz ki egy opci\u00f3t<\/option>\n\t\t\t\t\t\t\t\t\t\t\t\t\t\t\t\t\t\t\t\t\t<option value=\"Google search\" data-icon=\"\" >Google keres\u00e9s<\/option>\n\t\t\t\t\t\t\t\t\t\t\t\t\t\t\t\t\t\t\t\t\t\t\t<option value=\"Referral\" data-icon=\"\" >Aj\u00e1nl\u00e1s<\/option>\n\t\t\t\t\t\t\t\t\t\t\t\t\t\t\t\t\t\t\t\t\t\t\t<option value=\"Social Media\" data-icon=\"\" >K\u00f6z\u00f6ss\u00e9gi m\u00e9dia<\/option>\n\t\t\t\t\t\t\t\t\t\t\t\t\t\t\t\t\t\t\t\t\t\t\t<option value=\"Other\" data-icon=\"\" >Egy\u00e9b<\/option>\n\t\t\t\t\t\t\t\t\t\t\t\t\t<\/select>\n\t\t\t\t\t\t\t\t\t\t<\/div>\n\t\t\t\t\t<div class=\"srfm-error-wrap\">\n\t\t\t\t\t\t\t\t\t\t\t<div class=\"srfm-error-message\" data-srfm-id=\"srfm-error-3a601463\" data-error-msg=\"This field is required.\">\n\t\t\t\t\t\tEz a mez\u0151 k\u00f6telez\u0151.\t\t\t\t\t<\/div>\n\t\t\t\t\t\t\t\t\t\t<\/div>\n\t\t\t\t<\/fieldset>\n\t\t\t<\/div>\n\t\t\n\n\t\t<div data-block-id=\"ed762112\" class=\"srfm-block-single srfm-block srfm-textarea-block srf-textarea-ed762112-block  srfm-block-width-100 2249\">\n\t\t\t\t\t\t\t\t<label id=\"srfm-label-ed762112-lbl-TWVzc2FnZQ-4129\" for=\"srfm-textarea-ed762112-lbl-TWVzc2FnZQ-4129\" class=\"srfm-block-label\">\n\t\t\t\t\t\t\u00dczenet\t\t\t\t\t\t\t\t\t\t\t\t\t<span class=\"srfm-required\" aria-hidden=\"true\"> *<\/span>\n\t\t\t\t\t\t\t\t\t\t\t<\/label>\n\t\t\t\t\t\t\t\t\t\t\t<div class=\"srfm-block-wrap\">\n\t\t\t\t<textarea\n\t\t\t\t\tclass=\"srfm-input-common srfm-input-textarea\"\n\t\t\t\t\tname=\"srfm-textarea-ed762112-lbl-TWVzc2FnZQ-message\"\n\t\t\t\t\tid=\"srfm-textarea-ed762112-lbl-TWVzc2FnZQ-4129\"\n\t\t\t\t\taria-describedby='srfm-error-ed762112'\t\t\t\t\tdata-required=\"true\" aria-required=\"true\"  rows=\"4\"  \t\t\t\t\t\t\t\t\t\t\t\t\t\t\t><\/textarea>\n\t\t\t\t\t\t\t<\/div>\n\t\t\t<div class=\"srfm-error-wrap\">\n\t\t\t\t\t\t\t\t\t<div class=\"srfm-error-message\" data-srfm-id=\"srfm-error-ed762112\" data-error-msg=\"This field is required.\">\n\t\t\t\t\t\tEz a mez\u0151 k\u00f6telez\u0151.\t\t\t\t\t<\/div>\n\t\t\t\t\t\t\t\t<\/div>\n\t\t<\/div>\n\n\t\t\t\t\t\t\t\n\t\t\t\t\t\n\t\t\t\t\t<div class=\"srfm-submit-container\" style=\"\">\n\t\t\t\t\t\t<div style=\"width: ; text-align: left\" class=\"wp-block-button\">\n\t\t\t\t\t\t\t\t\t\t\t\t\t\t\t\t\t\t\t<button style=\"\" id=\"srfm-submit-btn\" class=\"srfm-btn-frontend srfm-button srfm-submit-button\"\n\t\t\t\t\t\t\t\t\t\t\t\t\t\t>\n\t\t\t\t\t\t\t\t<div class=\"srfm-submit-wrap\">\n\t\t\t\t\t\t\t\t\tK\u00fcld\u00e9s\t\t\t\t\t\t\t\t<div class=\"srfm-loader\"><\/div>\n\t\t\t\t\t\t\t\t<\/div>\n\t\t\t\t\t\t\t<\/button>\n\t\t\t\t\t\t\t\t\t\t\t\t\t\t\t\t\t\t<\/div>\n\t\t\t\t\t<\/div>\n\t\t\t\t\t\t\t<p id=\"srfm-error-message\" class=\"srfm-common-error-message srfm-error-message srfm-footer-error\" hidden>\t\t<span class=\"srfm-icon\" aria-hidden=\"true\">\n\t\t\t<svg xmlns='http:\/\/www.w3.org\/2000\/svg' width='20' height='20' fill='none'><path d='M9.99935 18.3327C14.6017 18.3327 18.3327 14.6017 18.3327 9.99935C18.3327 5.39698 14.6017 1.66602 9.99935 1.66602C5.39698 1.66602 1.66602 5.39698 1.66602 9.99935C1.66602 14.6017 5.39698 18.3327 9.99935 18.3327Z' stroke='currentColor' stroke-width='1.5' stroke-linecap='round' stroke-linejoin='round' \/><path d='M10 6.66602V9.99935' stroke='currentColor' stroke-width='1.5' stroke-linecap='round' stroke-linejoin='round' \/><path d='M10 13.334H10.0083' stroke='currentColor' stroke-width='1.5' stroke-linecap='round' stroke-linejoin='round' \/><\/svg>\t\t<\/span>\n\t\t<span class=\"srfm-error-content\">There was an error trying to submit your form. Please try again.<\/span><\/p>\n\t\t\t\t\t<input type=\"hidden\" name=\"trp-form-language\" value=\"hu\"\/><\/form>\n\t\t\t<div class=\"srfm-single-form srfm-success-box in-page\">\n\t\t\t\t<div aria-live=\"polite\" aria-atomic=\"true\" role=\"alert\" id=\"srfm-success-message-page-2249\" class=\"srfm-success-box-description\"><\/div>\n\t\t\t<\/div>\n\t\t\t<\/div>\n\t\t\n\n\n<div class=\"wp-block-columns alignwide are-vertically-aligned-top is-layout-flex wp-container-core-columns-is-layout-28f84493 wp-block-columns-is-layout-flex\">\n<div class=\"wp-block-column is-vertically-aligned-top is-content-justification-left is-layout-constrained wp-container-core-column-is-layout-12dd3699 wp-block-column-is-layout-constrained\"><\/div>\n<\/div>\n\n\n\n<div class=\"wp-block-columns alignwide are-vertically-aligned-top is-layout-flex wp-container-core-columns-is-layout-28f84493 wp-block-columns-is-layout-flex\">\n<div class=\"wp-block-column is-vertically-aligned-top is-content-justification-left is-layout-constrained wp-container-core-column-is-layout-12dd3699 wp-block-column-is-layout-constrained\"><\/div>\n<\/div>\n<\/div>\n\n\n\n<div class=\"wp-block-uagb-container uagb-block-a9d9c927\">\n<figure class=\"wp-block-image size-full is-style-rounded\"><img loading=\"lazy\" decoding=\"async\" width=\"1440\" height=\"2560\" src=\"https:\/\/eszterslashandbrow.com\/wp-content\/uploads\/2026\/01\/SCH_0786-edited-scaled.jpg\" alt=\"\" class=\"wp-image-2358\" style=\"box-shadow:var(--wp--preset--shadow--natural);aspect-ratio:9\/16;object-fit:cover\" srcset=\"https:\/\/eszterslashandbrow.com\/wp-content\/uploads\/2026\/01\/SCH_0786-edited-scaled.jpg 1440w, https:\/\/eszterslashandbrow.com\/wp-content\/uploads\/2026\/01\/SCH_0786-edited-169x300.jpg 169w, https:\/\/eszterslashandbrow.com\/wp-content\/uploads\/2026\/01\/SCH_0786-edited-576x1024.jpg 576w, https:\/\/eszterslashandbrow.com\/wp-content\/uploads\/2026\/01\/SCH_0786-edited-768x1365.jpg 768w, https:\/\/eszterslashandbrow.com\/wp-content\/uploads\/2026\/01\/SCH_0786-edited-864x1536.jpg 864w, https:\/\/eszterslashandbrow.com\/wp-content\/uploads\/2026\/01\/SCH_0786-edited-1152x2048.jpg 1152w, https:\/\/eszterslashandbrow.com\/wp-content\/uploads\/2026\/01\/SCH_0786-edited-7x12.jpg 7w\" sizes=\"auto, (max-width: 1440px) 100vw, 1440px\" \/><\/figure>\n<\/div>\n<\/div><\/div>\n\n\n\n<div class=\"wp-block-uagb-container uagb-block-0cca1a90 alignfull uagb-is-root-container\">\t\t\t<div \n\t\t\tclass=\"wp-block-uagb-google-map uagb-google-map__wrap uagb-block-c58500bb\"\n\t\t\tstyle=\"\" >\n\t\t\t\t<embed\n\t\t\t\t\tclass=\"uagb-google-map__iframe\"\n\t\t\t\t\ttitle=\"Google Map for \"\n\t\t\t\t\tsrc=\"https:\/\/maps.google.com\/maps?q=Budapest%2C%20District%203%2C%20Remete%20k%C3%B6z&#038;z=13&#038;hl=en&#038;t=m&#038;output=embed&#038;iwloc=near\"\n\t\t\t\t\twidth=\"640\"\n\t\t\t\t\theight=\"400\"\n\t\t\t\t\tloading=\"lazy\"\n\t\t\t\t><\/embed>\n\t\t\t<\/div>\n\t\t\t<\/div>","protected":false},"excerpt":{"rendered":"<p>Contact Contact Me \ud83d\udcde Mobile: +36 30 9 614 914<\/p>","protected":false},"author":1,"featured_media":0,"parent":0,"menu_order":0,"comment_status":"closed","ping_status":"closed","template":"","meta":{"_uag_custom_page_level_css":"","footnotes":""},"class_list":["post-453","page","type-page","status-publish","hentry"],"blocksy_meta":[],"aioseo_notices":[],"_hostinger_reach_plugin_has_subscription_block":false,"_hostinger_reach_plugin_is_elementor":false,"uagb_featured_image_src":{"full":false,"thumbnail":false,"medium":false,"medium_large":false,"large":false,"1536x1536":false,"2048x2048":false,"trp-custom-language-flag":false,"widget-thumbnail":false},"uagb_author_info":{"display_name":"08ndean@googlemail.com","author_link":"https:\/\/eszterslashandbrow.com\/hu\/author\/08ndeangooglemail-com\/"},"uagb_comment_info":0,"uagb_excerpt":"Contact Contact Me \ud83d\udcde Mobile: +36 30 9 614 914","_links":{"self":[{"href":"https:\/\/eszterslashandbrow.com\/hu\/wp-json\/wp\/v2\/pages\/453","targetHints":{"allow":["GET"]}}],"collection":[{"href":"https:\/\/eszterslashandbrow.com\/hu\/wp-json\/wp\/v2\/pages"}],"about":[{"href":"https:\/\/eszterslashandbrow.com\/hu\/wp-json\/wp\/v2\/types\/page"}],"author":[{"embeddable":true,"href":"https:\/\/eszterslashandbrow.com\/hu\/wp-json\/wp\/v2\/users\/1"}],"replies":[{"embeddable":true,"href":"https:\/\/eszterslashandbrow.com\/hu\/wp-json\/wp\/v2\/comments?post=453"}],"version-history":[{"count":29,"href":"https:\/\/eszterslashandbrow.com\/hu\/wp-json\/wp\/v2\/pages\/453\/revisions"}],"predecessor-version":[{"id":2497,"href":"https:\/\/eszterslashandbrow.com\/hu\/wp-json\/wp\/v2\/pages\/453\/revisions\/2497"}],"wp:attachment":[{"href":"https:\/\/eszterslashandbrow.com\/hu\/wp-json\/wp\/v2\/media?parent=453"}],"curies":[{"name":"wp","href":"https:\/\/api.w.org\/{rel}","templated":true}]}}