{"id":451,"date":"2025-11-02T21:56:43","date_gmt":"2025-11-02T21:56:43","guid":{"rendered":"https:\/\/eszterslashandbrow.com\/testimonials\/"},"modified":"2026-01-19T19:23:42","modified_gmt":"2026-01-19T19:23:42","slug":"testimonials","status":"publish","type":"page","link":"https:\/\/eszterslashandbrow.com\/hu\/testimonials\/","title":{"rendered":"Aj\u00e1nl\u00e1sok"},"content":{"rendered":"<div class=\"wp-block-uagb-container uagb-block-7c925c2f alignfull uagb-is-root-container\"><div class=\"uagb-container-inner-blocks-wrap\">\n<div class=\"wp-block-uagb-advanced-heading uagb-block-82b1c3d8\"><h1 class=\"uagb-heading-text\">Aj\u00e1nl\u00e1sok<\/h1><\/div>\n<\/div><\/div>\n\n\n\n<div class=\"wp-block-uagb-container uagb-block-96d127d7 alignfull uagb-is-root-container\"><div class=\"uagb-container-inner-blocks-wrap\">\n<div class=\"wp-block-uagb-container uagb-layout-grid uagb-block-c68a5418\">\n<div class=\"wp-block-uagb-container uagb-block-73072741\">      \n\t\t\t<div class=\"uagb-icon-wrapper uagb-block-fb2af228  wp-block-uagb-icon--has-margin\"\n\t\t\tstyle=\"\" >\n\t\t\t\t\t\t\t\t<div class='uagb-icon-margin-wrapper'>\n\t\t\t\t\t\t\t\t\t<span class=\"uagb-svg-wrapper\" \n\t\t\t\t\t aria-label=\"quote-left\"\t\t\t\t\ttabindex=\"0\">\t\t\n\t\t\t\t\t\t\t\t\t\t<svg xmlns=\"https:\/\/www.w3.org\/2000\/svg\" viewbox= \"0 0 448 512\" role=\"graphics-symbol\" aria-hidden=\"false\" aria-label=\"\"><path d=\"M96 224C84.72 224 74.05 226.3 64 229.9V224c0-35.3 28.7-64 64-64c17.67 0 32-14.33 32-32S145.7 96 128 96C57.42 96 0 153.4 0 224v96c0 53.02 42.98 96 96 96s96-42.98 96-96S149 224 96 224zM352 224c-11.28 0-21.95 2.305-32 5.879V224c0-35.3 28.7-64 64-64c17.67 0 32-14.33 32-32s-14.33-32-32-32c-70.58 0-128 57.42-128 128v96c0 53.02 42.98 96 96 96s96-42.98 96-96S405 224 352 224z\"><\/path><\/svg>\n\t\t\t\t\t\t\t\t\t<\/span>\n\t\t\t\t\t\t\t\t<\/div>\n\t\t\t\t\t\t\t<\/div>\n\t\t\t\n\n\n<div class=\"wp-block-uagb-advanced-heading uagb-block-48af6780\"><p class=\"uagb-heading-text\">\u201eMegf\u00e9s\u00fclk\u00f6dtem \u00e9s egy BB kr\u00e9m seg\u00edtett, hogy eny\u00e9m legyen ez a szem\u00f6ld\u00f6k! K\u00f6sz\u00f6n\u00f6m, nagyon sz\u00e9p a munk\u00e1d.\u201d <\/p><\/div>\n\n\n\n<div class=\"wp-block-uagb-star-rating uagb-block-bbc8896d\"><div class=\"uag-star-rating\" title=\"5\/5\"><span class=\"uag-star\">\u2605<\/span><span class=\"uag-star\">\u2605<\/span><span class=\"uag-star\">\u2605<\/span><span class=\"uag-star\">\u2605<\/span><span class=\"uag-star\">\u2605<\/span><\/div><\/div>\n\n\n\n<div class=\"wp-block-uagb-advanced-heading uagb-block-012942a0\"><h6 class=\"uagb-heading-text\">Gy\u00f6ngyi&nbsp;<\/h6><\/div>\n<\/div>\n<\/div>\n\n\n\n<div class=\"wp-block-uagb-container uagb-block-2d90b6e6\">\n<div class=\"wp-block-uagb-container uagb-block-b4f9b17b\">      \n\t\t\t<div class=\"uagb-icon-wrapper uagb-block-e038d674  wp-block-uagb-icon--has-margin\"\n\t\t\tstyle=\"\" >\n\t\t\t\t\t\t\t\t<div class='uagb-icon-margin-wrapper'>\n\t\t\t\t\t\t\t\t\t<span class=\"uagb-svg-wrapper\" \n\t\t\t\t\t aria-label=\"quote-left\"\t\t\t\t\ttabindex=\"0\">\t\t\n\t\t\t\t\t\t\t\t\t\t<svg xmlns=\"https:\/\/www.w3.org\/2000\/svg\" viewbox= \"0 0 448 512\" role=\"graphics-symbol\" aria-hidden=\"false\" aria-label=\"\"><path d=\"M96 224C84.72 224 74.05 226.3 64 229.9V224c0-35.3 28.7-64 64-64c17.67 0 32-14.33 32-32S145.7 96 128 96C57.42 96 0 153.4 0 224v96c0 53.02 42.98 96 96 96s96-42.98 96-96S149 224 96 224zM352 224c-11.28 0-21.95 2.305-32 5.879V224c0-35.3 28.7-64 64-64c17.67 0 32-14.33 32-32s-14.33-32-32-32c-70.58 0-128 57.42-128 128v96c0 53.02 42.98 96 96 96s96-42.98 96-96S405 224 352 224z\"><\/path><\/svg>\n\t\t\t\t\t\t\t\t\t<\/span>\n\t\t\t\t\t\t\t\t<\/div>\n\t\t\t\t\t\t\t<\/div>\n\t\t\t\n\n\n<div class=\"wp-block-uagb-advanced-heading uagb-block-acb25122\"><p class=\"uagb-heading-text\">\u201eSzia Eszter! Nagyon k\u00f6sz\u00f6n\u00f6m a sok gondoskod\u00e1st  szememmel. Nagyon tetszik \u00e9s szeretem. A szem\u00f6ld\u00f6k is pont olyan, amit szerettem volna.\u201d <\/p><\/div>\n\n\n\n<div class=\"wp-block-uagb-star-rating uagb-block-c2e1a4fd\"><div class=\"uag-star-rating\" title=\"5\/5\"><span class=\"uag-star\">\u2605<\/span><span class=\"uag-star\">\u2605<\/span><span class=\"uag-star\">\u2605<\/span><span class=\"uag-star\">\u2605<\/span><span class=\"uag-star\">\u2605<\/span><\/div><\/div>\n\n\n\n<div class=\"wp-block-uagb-advanced-heading uagb-block-fc8f11ef\"><h6 class=\"uagb-heading-text\"><strong>Kriszti&nbsp;<\/strong><\/h6><\/div>\n<\/div>\n<\/div>\n\n\n\n<div class=\"wp-block-uagb-container uagb-block-02979cef\">\n<div class=\"wp-block-uagb-container uagb-block-ac0bdef9\">      \n\t\t\t<div class=\"uagb-icon-wrapper uagb-block-a5930acc  wp-block-uagb-icon--has-margin\"\n\t\t\tstyle=\"\" >\n\t\t\t\t\t\t\t\t<div class='uagb-icon-margin-wrapper'>\n\t\t\t\t\t\t\t\t\t<span class=\"uagb-svg-wrapper\" \n\t\t\t\t\t aria-label=\"quote-left\"\t\t\t\t\ttabindex=\"0\">\t\t\n\t\t\t\t\t\t\t\t\t\t<svg xmlns=\"https:\/\/www.w3.org\/2000\/svg\" viewbox= \"0 0 448 512\" role=\"graphics-symbol\" aria-hidden=\"false\" aria-label=\"\"><path d=\"M96 224C84.72 224 74.05 226.3 64 229.9V224c0-35.3 28.7-64 64-64c17.67 0 32-14.33 32-32S145.7 96 128 96C57.42 96 0 153.4 0 224v96c0 53.02 42.98 96 96 96s96-42.98 96-96S149 224 96 224zM352 224c-11.28 0-21.95 2.305-32 5.879V224c0-35.3 28.7-64 64-64c17.67 0 32-14.33 32-32s-14.33-32-32-32c-70.58 0-128 57.42-128 128v96c0 53.02 42.98 96 96 96s96-42.98 96-96S405 224 352 224z\"><\/path><\/svg>\n\t\t\t\t\t\t\t\t\t<\/span>\n\t\t\t\t\t\t\t\t<\/div>\n\t\t\t\t\t\t\t<\/div>\n\t\t\t\n\n\n<div class=\"wp-block-uagb-advanced-heading uagb-block-36b209d4\"><p class=\"uagb-heading-text\">\u201eMost \u00e9rtem haza \u00e9s most n\u00e9zem a csod\u00e1s munk\u00e1dat \ud83d\ude0a. Nagyon sz\u00e9p lett. Tilivel madarat lehet fogatni \ud83d\ude0a. Nagy k\u00f6sz\u00f6net!\u201d <\/p><\/div>\n\n\n\n<div class=\"wp-block-uagb-star-rating uagb-block-060a3045\"><div class=\"uag-star-rating\" title=\"5\/5\"><span class=\"uag-star\">\u2605<\/span><span class=\"uag-star\">\u2605<\/span><span class=\"uag-star\">\u2605<\/span><span class=\"uag-star\">\u2605<\/span><span class=\"uag-star\">\u2605<\/span><\/div><\/div>\n\n\n\n<div class=\"wp-block-uagb-advanced-heading uagb-block-6bdb4671\"><h6 class=\"uagb-heading-text\"><strong>Erika<\/strong><\/h6><\/div>\n<\/div>\n<\/div>\n\n\n\n<div class=\"wp-block-uagb-container uagb-block-3bc4bdd3\">\n<div class=\"wp-block-uagb-container uagb-block-9cd4ba26\">      \n\t\t\t<div class=\"uagb-icon-wrapper uagb-block-6978845f  wp-block-uagb-icon--has-margin\"\n\t\t\tstyle=\"\" >\n\t\t\t\t\t\t\t\t<div class='uagb-icon-margin-wrapper'>\n\t\t\t\t\t\t\t\t\t<span class=\"uagb-svg-wrapper\" \n\t\t\t\t\t aria-label=\"quote-left\"\t\t\t\t\ttabindex=\"0\">\t\t\n\t\t\t\t\t\t\t\t\t\t<svg xmlns=\"https:\/\/www.w3.org\/2000\/svg\" viewbox= \"0 0 448 512\" role=\"graphics-symbol\" aria-hidden=\"false\" aria-label=\"\"><path d=\"M96 224C84.72 224 74.05 226.3 64 229.9V224c0-35.3 28.7-64 64-64c17.67 0 32-14.33 32-32S145.7 96 128 96C57.42 96 0 153.4 0 224v96c0 53.02 42.98 96 96 96s96-42.98 96-96S149 224 96 224zM352 224c-11.28 0-21.95 2.305-32 5.879V224c0-35.3 28.7-64 64-64c17.67 0 32-14.33 32-32s-14.33-32-32-32c-70.58 0-128 57.42-128 128v96c0 53.02 42.98 96 96 96s96-42.98 96-96S405 224 352 224z\"><\/path><\/svg>\n\t\t\t\t\t\t\t\t\t<\/span>\n\t\t\t\t\t\t\t\t<\/div>\n\t\t\t\t\t\t\t<\/div>\n\t\t\t\n\n\n<div class=\"wp-block-uagb-advanced-heading uagb-block-b1351254\"><p class=\"uagb-heading-text\">\u00d6r\u00f6mmel voltam n\u00e1lad, Eszter! A tekintetemet pedig k\u00fcl\u00f6n\u00f6sen sz\u00e9pre alak\u00edtottad! \u00dcgyes vagy! Megyek m\u00e1skor is \ud83d\ude0a!<\/p><\/div>\n\n\n\n<div class=\"wp-block-uagb-star-rating uagb-block-765e1f86\"><div class=\"uag-star-rating\" title=\"5\/5\"><span class=\"uag-star\">\u2605<\/span><span class=\"uag-star\">\u2605<\/span><span class=\"uag-star\">\u2605<\/span><span class=\"uag-star\">\u2605<\/span><span class=\"uag-star\">\u2605<\/span><\/div><\/div>\n\n\n\n<div class=\"wp-block-uagb-advanced-heading uagb-block-2211afcb\"><h6 class=\"uagb-heading-text\"><strong>Katalin<\/strong><\/h6><\/div>\n<\/div>\n<\/div>\n\n\n\n<div class=\"wp-block-uagb-container uagb-block-7fe194c0\">\n<div class=\"wp-block-uagb-container uagb-block-faddc51f\">      \n\t\t\t<div class=\"uagb-icon-wrapper uagb-block-83917cb5  wp-block-uagb-icon--has-margin\"\n\t\t\tstyle=\"\" >\n\t\t\t\t\t\t\t\t<div class='uagb-icon-margin-wrapper'>\n\t\t\t\t\t\t\t\t\t<span class=\"uagb-svg-wrapper\" \n\t\t\t\t\t aria-label=\"quote-left\"\t\t\t\t\ttabindex=\"0\">\t\t\n\t\t\t\t\t\t\t\t\t\t<svg xmlns=\"https:\/\/www.w3.org\/2000\/svg\" viewbox= \"0 0 448 512\" role=\"graphics-symbol\" aria-hidden=\"false\" aria-label=\"\"><path d=\"M96 224C84.72 224 74.05 226.3 64 229.9V224c0-35.3 28.7-64 64-64c17.67 0 32-14.33 32-32S145.7 96 128 96C57.42 96 0 153.4 0 224v96c0 53.02 42.98 96 96 96s96-42.98 96-96S149 224 96 224zM352 224c-11.28 0-21.95 2.305-32 5.879V224c0-35.3 28.7-64 64-64c17.67 0 32-14.33 32-32s-14.33-32-32-32c-70.58 0-128 57.42-128 128v96c0 53.02 42.98 96 96 96s96-42.98 96-96S405 224 352 224z\"><\/path><\/svg>\n\t\t\t\t\t\t\t\t\t<\/span>\n\t\t\t\t\t\t\t\t<\/div>\n\t\t\t\t\t\t\t<\/div>\n\t\t\t\n\n\n<div class=\"wp-block-uagb-advanced-heading uagb-block-e3958002\"><p class=\"uagb-heading-text\">\u201eGy\u00f6ny\u00f6r\u0171 munk\u00e1t v\u00e9gezt\u00e9l!!! Nagyon term\u00e9szetes, ig\u00e9nyes munka! M\u00e9g a sz\u00edn is t\u00f6k\u00e9letes! Janka nagyon \u00f6r\u00fclt neki! K\u00f6sz\u00f6nj\u00fck!\"<\/p><\/div>\n\n\n\n<div class=\"wp-block-uagb-star-rating uagb-block-48ae1bfb\"><div class=\"uag-star-rating\" title=\"5\/5\"><span class=\"uag-star\">\u2605<\/span><span class=\"uag-star\">\u2605<\/span><span class=\"uag-star\">\u2605<\/span><span class=\"uag-star\">\u2605<\/span><span class=\"uag-star\">\u2605<\/span><\/div><\/div>\n\n\n\n<div class=\"wp-block-uagb-advanced-heading uagb-block-e6b9a8df\"><h6 class=\"uagb-heading-text\"><strong>Gy\u00f6ngyi<\/strong><\/h6><\/div>\n<\/div>\n<\/div>\n\n\n\n<div class=\"wp-block-uagb-container uagb-block-9d0eadd4\">\n<div class=\"wp-block-uagb-container uagb-block-132e40c3\">      \n\t\t\t<div class=\"uagb-icon-wrapper uagb-block-0f1f3f84  wp-block-uagb-icon--has-margin\"\n\t\t\tstyle=\"\" >\n\t\t\t\t\t\t\t\t<div class='uagb-icon-margin-wrapper'>\n\t\t\t\t\t\t\t\t\t<span class=\"uagb-svg-wrapper\" \n\t\t\t\t\t aria-label=\"quote-left\"\t\t\t\t\ttabindex=\"0\">\t\t\n\t\t\t\t\t\t\t\t\t\t<svg xmlns=\"https:\/\/www.w3.org\/2000\/svg\" viewbox= \"0 0 448 512\" role=\"graphics-symbol\" aria-hidden=\"false\" aria-label=\"\"><path d=\"M96 224C84.72 224 74.05 226.3 64 229.9V224c0-35.3 28.7-64 64-64c17.67 0 32-14.33 32-32S145.7 96 128 96C57.42 96 0 153.4 0 224v96c0 53.02 42.98 96 96 96s96-42.98 96-96S149 224 96 224zM352 224c-11.28 0-21.95 2.305-32 5.879V224c0-35.3 28.7-64 64-64c17.67 0 32-14.33 32-32s-14.33-32-32-32c-70.58 0-128 57.42-128 128v96c0 53.02 42.98 96 96 96s96-42.98 96-96S405 224 352 224z\"><\/path><\/svg>\n\t\t\t\t\t\t\t\t\t<\/span>\n\t\t\t\t\t\t\t\t<\/div>\n\t\t\t\t\t\t\t<\/div>\n\t\t\t\n\n\n<div class=\"wp-block-uagb-advanced-heading uagb-block-d6a2db99\"><p class=\"uagb-heading-text\">\u201eEszter, nagyon sz\u00e9p lett a szemem. Nagyon sz\u00e9pen k\u00f6sz\u00f6n\u00f6m \ud83d\ude0a\"<\/p><\/div>\n\n\n\n<div class=\"wp-block-uagb-star-rating uagb-block-ecd2cc8d\"><div class=\"uag-star-rating\" title=\"5\/5\"><span class=\"uag-star\">\u2605<\/span><span class=\"uag-star\">\u2605<\/span><span class=\"uag-star\">\u2605<\/span><span class=\"uag-star\">\u2605<\/span><span class=\"uag-star\">\u2605<\/span><\/div><\/div>\n\n\n\n<div class=\"wp-block-uagb-advanced-heading uagb-block-25150057\"><h6 class=\"uagb-heading-text\"><strong><strong>Szilvi<\/strong><\/strong><\/h6><\/div>\n<\/div>\n<\/div>\n\n\n\n<div class=\"wp-block-uagb-container uagb-block-908f7846\">\n<div class=\"wp-block-uagb-container uagb-block-74cb6f94\">      \n\t\t\t<div class=\"uagb-icon-wrapper uagb-block-0c257869  wp-block-uagb-icon--has-margin\"\n\t\t\tstyle=\"\" >\n\t\t\t\t\t\t\t\t<div class='uagb-icon-margin-wrapper'>\n\t\t\t\t\t\t\t\t\t<span class=\"uagb-svg-wrapper\" \n\t\t\t\t\t aria-label=\"quote-left\"\t\t\t\t\ttabindex=\"0\">\t\t\n\t\t\t\t\t\t\t\t\t\t<svg xmlns=\"https:\/\/www.w3.org\/2000\/svg\" viewbox= \"0 0 448 512\" role=\"graphics-symbol\" aria-hidden=\"false\" aria-label=\"\"><path d=\"M96 224C84.72 224 74.05 226.3 64 229.9V224c0-35.3 28.7-64 64-64c17.67 0 32-14.33 32-32S145.7 96 128 96C57.42 96 0 153.4 0 224v96c0 53.02 42.98 96 96 96s96-42.98 96-96S149 224 96 224zM352 224c-11.28 0-21.95 2.305-32 5.879V224c0-35.3 28.7-64 64-64c17.67 0 32-14.33 32-32s-14.33-32-32-32c-70.58 0-128 57.42-128 128v96c0 53.02 42.98 96 96 96s96-42.98 96-96S405 224 352 224z\"><\/path><\/svg>\n\t\t\t\t\t\t\t\t\t<\/span>\n\t\t\t\t\t\t\t\t<\/div>\n\t\t\t\t\t\t\t<\/div>\n\t\t\t\n\n\n<div class=\"wp-block-uagb-advanced-heading uagb-block-4c90ca36\"><p class=\"uagb-heading-text\">\"Szia Dr\u00e1ga, Pilla sz\u00e9p, fent van \ud83d\ude0a \u0151szint\u00e9n tetszik.\"<\/p><\/div>\n\n\n\n<div class=\"wp-block-uagb-star-rating uagb-block-e4df1560\"><div class=\"uag-star-rating\" title=\"5\/5\"><span class=\"uag-star\">\u2605<\/span><span class=\"uag-star\">\u2605<\/span><span class=\"uag-star\">\u2605<\/span><span class=\"uag-star\">\u2605<\/span><span class=\"uag-star\">\u2605<\/span><\/div><\/div>\n\n\n\n<div class=\"wp-block-uagb-advanced-heading uagb-block-fef46cfe\"><h6 class=\"uagb-heading-text\"><strong><strong>Kati<\/strong><\/strong><\/h6><\/div>\n<\/div>\n<\/div>\n\n\n\n<div class=\"wp-block-uagb-container uagb-block-b21b13de\">\n<div class=\"wp-block-uagb-container uagb-block-544acc4a\">      \n\t\t\t<div class=\"uagb-icon-wrapper uagb-block-f380723d  wp-block-uagb-icon--has-margin\"\n\t\t\tstyle=\"\" >\n\t\t\t\t\t\t\t\t<div class='uagb-icon-margin-wrapper'>\n\t\t\t\t\t\t\t\t\t<span class=\"uagb-svg-wrapper\" \n\t\t\t\t\t aria-label=\"quote-left\"\t\t\t\t\ttabindex=\"0\">\t\t\n\t\t\t\t\t\t\t\t\t\t<svg xmlns=\"https:\/\/www.w3.org\/2000\/svg\" viewbox= \"0 0 448 512\" role=\"graphics-symbol\" aria-hidden=\"false\" aria-label=\"\"><path d=\"M96 224C84.72 224 74.05 226.3 64 229.9V224c0-35.3 28.7-64 64-64c17.67 0 32-14.33 32-32S145.7 96 128 96C57.42 96 0 153.4 0 224v96c0 53.02 42.98 96 96 96s96-42.98 96-96S149 224 96 224zM352 224c-11.28 0-21.95 2.305-32 5.879V224c0-35.3 28.7-64 64-64c17.67 0 32-14.33 32-32s-14.33-32-32-32c-70.58 0-128 57.42-128 128v96c0 53.02 42.98 96 96 96s96-42.98 96-96S405 224 352 224z\"><\/path><\/svg>\n\t\t\t\t\t\t\t\t\t<\/span>\n\t\t\t\t\t\t\t\t<\/div>\n\t\t\t\t\t\t\t<\/div>\n\t\t\t\n\n\n<div class=\"wp-block-uagb-advanced-heading uagb-block-48c2ca07\"><p class=\"uagb-heading-text\">\"K\u00f6sz\u00f6n\u00f6m a szem\u00f6ld\u00f6k\u00f6m \u00e9s a prec\u00edz munk\u00e1t! Nagyon tetszik\ud83e\udd0d\"<\/p><\/div>\n\n\n\n<div class=\"wp-block-uagb-star-rating uagb-block-4e127733\"><div class=\"uag-star-rating\" title=\"5\/5\"><span class=\"uag-star\">\u2605<\/span><span class=\"uag-star\">\u2605<\/span><span class=\"uag-star\">\u2605<\/span><span class=\"uag-star\">\u2605<\/span><span class=\"uag-star\">\u2605<\/span><\/div><\/div>\n\n\n\n<div class=\"wp-block-uagb-advanced-heading uagb-block-039e8089\"><h6 class=\"uagb-heading-text\"><strong><strong>Janka<\/strong><\/strong><\/h6><\/div>\n<\/div>\n<\/div>\n<\/div><\/div>","protected":false},"excerpt":{"rendered":"<p>Testimonials &#8220;Combing my hair and a tiny bit of foundation helped me fully own the brows. Thank you, your work is beautiful\u201d Gy\u00f6ngyi&nbsp; &#8220;Thank you for all your laborious work on my lashes, Eszter. I really love them. The brows are also what I had in mind, I am so happy with them.\u201d Kriszti&nbsp; &#8220;It [&hellip;]<\/p>","protected":false},"author":1,"featured_media":0,"parent":0,"menu_order":0,"comment_status":"closed","ping_status":"closed","template":"","meta":{"_uag_custom_page_level_css":"","footnotes":""},"class_list":["post-451","page","type-page","status-publish","hentry"],"blocksy_meta":[],"aioseo_notices":[],"_hostinger_reach_plugin_has_subscription_block":false,"_hostinger_reach_plugin_is_elementor":false,"uagb_featured_image_src":{"full":false,"thumbnail":false,"medium":false,"medium_large":false,"large":false,"1536x1536":false,"2048x2048":false,"trp-custom-language-flag":false,"widget-thumbnail":false},"uagb_author_info":{"display_name":"08ndean@googlemail.com","author_link":"https:\/\/eszterslashandbrow.com\/hu\/author\/08ndeangooglemail-com\/"},"uagb_comment_info":0,"uagb_excerpt":"Testimonials &#8220;Combing my hair and a tiny bit of foundation helped me fully own the brows. Thank you, your work is beautiful\u201d Gy\u00f6ngyi&nbsp; &#8220;Thank you for all your laborious work on my lashes, Eszter. I really love them. The brows are also what I had in mind, I am so happy with them.\u201d Kriszti&nbsp; &#8220;It&hellip;","_links":{"self":[{"href":"https:\/\/eszterslashandbrow.com\/hu\/wp-json\/wp\/v2\/pages\/451","targetHints":{"allow":["GET"]}}],"collection":[{"href":"https:\/\/eszterslashandbrow.com\/hu\/wp-json\/wp\/v2\/pages"}],"about":[{"href":"https:\/\/eszterslashandbrow.com\/hu\/wp-json\/wp\/v2\/types\/page"}],"author":[{"embeddable":true,"href":"https:\/\/eszterslashandbrow.com\/hu\/wp-json\/wp\/v2\/users\/1"}],"replies":[{"embeddable":true,"href":"https:\/\/eszterslashandbrow.com\/hu\/wp-json\/wp\/v2\/comments?post=451"}],"version-history":[{"count":15,"href":"https:\/\/eszterslashandbrow.com\/hu\/wp-json\/wp\/v2\/pages\/451\/revisions"}],"predecessor-version":[{"id":2478,"href":"https:\/\/eszterslashandbrow.com\/hu\/wp-json\/wp\/v2\/pages\/451\/revisions\/2478"}],"wp:attachment":[{"href":"https:\/\/eszterslashandbrow.com\/hu\/wp-json\/wp\/v2\/media?parent=451"}],"curies":[{"name":"wp","href":"https:\/\/api.w.org\/{rel}","templated":true}]}}