{"id":449,"date":"2025-11-02T21:56:43","date_gmt":"2025-11-02T21:56:43","guid":{"rendered":"https:\/\/eszterslashandbrow.com\/massages\/"},"modified":"2026-01-24T10:31:10","modified_gmt":"2026-01-24T10:31:10","slug":"services-pricing","status":"publish","type":"page","link":"https:\/\/eszterslashandbrow.com\/hu\/services-pricing\/","title":{"rendered":"Szolg\u00e1ltat\u00e1sok \u00e9s \u00e1rak"},"content":{"rendered":"<div class=\"wp-block-uagb-container uagb-block-7f2014f6 alignfull uagb-is-root-container\"><div class=\"uagb-container-inner-blocks-wrap\">\n<div class=\"wp-block-uagb-advanced-heading uagb-block-3f2e0ff3\"><h1 class=\"uagb-heading-text\">Szolg\u00e1ltat\u00e1sok \u00e9s \u00e1rak<\/h1><\/div>\n<\/div><\/div>\n\n\n\n<div class=\"wp-block-uagb-container uagb-block-5b1f1820 alignfull uagb-is-root-container\">\n<div style=\"height:14px\" aria-hidden=\"true\" class=\"wp-block-spacer\"><\/div>\n\n\n\n<div class=\"wp-block-uagb-advanced-heading uagb-block-afe4b1f0\"><h2 class=\"uagb-heading-text\">Szempilla styling<\/h2><\/div>\n<\/div>\n\n\n\n<div class=\"wp-block-columns is-layout-flex wp-container-core-columns-is-layout-28f84493 wp-block-columns-is-layout-flex\">\n<div class=\"wp-block-column is-layout-flow wp-block-column-is-layout-flow\">\n<figure class=\"wp-block-image size-large\"><img loading=\"lazy\" decoding=\"async\" width=\"1024\" height=\"683\" src=\"https:\/\/eszterslashandbrow.com\/wp-content\/uploads\/2025\/12\/Classic-Lash-Extensions-1024x683.png\" alt=\"\" class=\"wp-image-2291\" style=\"aspect-ratio:1;object-fit:cover\" srcset=\"https:\/\/eszterslashandbrow.com\/wp-content\/uploads\/2025\/12\/Classic-Lash-Extensions-1024x683.png 1024w, https:\/\/eszterslashandbrow.com\/wp-content\/uploads\/2025\/12\/Classic-Lash-Extensions-300x200.png 300w, https:\/\/eszterslashandbrow.com\/wp-content\/uploads\/2025\/12\/Classic-Lash-Extensions-768x512.png 768w, https:\/\/eszterslashandbrow.com\/wp-content\/uploads\/2025\/12\/Classic-Lash-Extensions.png 1536w\" sizes=\"auto, (max-width: 1024px) 100vw, 1024px\" \/><\/figure>\n\n\n\n<div class=\"wp-block-group is-layout-constrained wp-block-group-is-layout-constrained\">\n<div class=\"wp-block-uagb-advanced-heading uagb-block-342abfc2\"><h3 class=\"uagb-heading-text\">Klasszikus szempilla hosszabb\u00edt\u00e1s<\/h3><\/div>\n\n\n\n<p class=\"has-small-font-size\"><em>HUF 20,000<\/em><\/p>\n<\/div>\n\n\n\n<p>Ide\u00e1lis sz\u00e1modra, ha a legterm\u00e9szetesebb hat\u00e1st keresed. Enn\u00e9l a technik\u00e1n\u00e1l egy term\u00e9szetes szempill\u00e1ra egy darab m\u0171szempill\u00e1t helyezek, mely \u00e1ltal a pill\u00e1id hosszabbak, feket\u00e9bbek \u00e9s hat\u00e1rozottabbak lesznek. Az eredm\u00e9ny olyan, mint a szempillaspir\u00e1l, csak tiszt\u00e1bb \u00e9s rendezettebb.<\/p>\n<\/div>\n\n\n\n<div class=\"wp-block-column is-layout-flow wp-block-column-is-layout-flow\">\n<figure class=\"wp-block-image size-large\"><img loading=\"lazy\" decoding=\"async\" width=\"1024\" height=\"683\" src=\"https:\/\/eszterslashandbrow.com\/wp-content\/uploads\/2025\/12\/Volume-Lash-Extensions-1024x683.png\" alt=\"\" class=\"wp-image-2292\" style=\"aspect-ratio:1;object-fit:cover\" srcset=\"https:\/\/eszterslashandbrow.com\/wp-content\/uploads\/2025\/12\/Volume-Lash-Extensions-1024x683.png 1024w, https:\/\/eszterslashandbrow.com\/wp-content\/uploads\/2025\/12\/Volume-Lash-Extensions-300x200.png 300w, https:\/\/eszterslashandbrow.com\/wp-content\/uploads\/2025\/12\/Volume-Lash-Extensions-768x512.png 768w, https:\/\/eszterslashandbrow.com\/wp-content\/uploads\/2025\/12\/Volume-Lash-Extensions.png 1536w\" sizes=\"auto, (max-width: 1024px) 100vw, 1024px\" \/><\/figure>\n\n\n\n<div class=\"wp-block-uagb-advanced-heading uagb-block-9e6e61fd\"><h3 class=\"uagb-heading-text\">Volumen szempilla hosszabb\u00edt\u00e1s<\/h3><\/div>\n\n\n\n<p class=\"has-small-font-size\"><em>HUF 25,000<\/em><\/p>\n\n\n\n<p>Ez a fajta hosszabb\u00edt\u00e1s teltebb megjelen\u00e9st eredm\u00e9nyez, mint a klasszikus. T\u00f6bb ultrav\u00e9kony szempillasz\u00e1lb\u00f3l k\u00e9zzel kis \u201clegyez\u0151t\u201d k\u00e9sz\u00edtek \u00e9s \/ vagy el\u0151re gy\u00e1rtott legyez\u0151ket helyezek egyetlen term\u00e9szetes szempill\u00e1ra. A term\u00e9szetes hat\u00e1s \u00e9rdek\u00e9ben e kett\u0151t \u00f6tv\u00f6z\u00f6m.<\/p>\n<\/div>\n\n\n\n<div class=\"wp-block-column is-layout-flow wp-block-column-is-layout-flow\">\n<figure class=\"wp-block-image size-large\"><img loading=\"lazy\" decoding=\"async\" width=\"1024\" height=\"683\" src=\"https:\/\/eszterslashandbrow.com\/wp-content\/uploads\/2025\/12\/Lash-Refill-1024x683.png\" alt=\"\" class=\"wp-image-2293\" style=\"aspect-ratio:1;object-fit:cover\" srcset=\"https:\/\/eszterslashandbrow.com\/wp-content\/uploads\/2025\/12\/Lash-Refill-1024x683.png 1024w, https:\/\/eszterslashandbrow.com\/wp-content\/uploads\/2025\/12\/Lash-Refill-300x200.png 300w, https:\/\/eszterslashandbrow.com\/wp-content\/uploads\/2025\/12\/Lash-Refill-768x512.png 768w, https:\/\/eszterslashandbrow.com\/wp-content\/uploads\/2025\/12\/Lash-Refill.png 1536w\" sizes=\"auto, (max-width: 1024px) 100vw, 1024px\" \/><\/figure>\n\n\n\n<div class=\"wp-block-uagb-advanced-heading uagb-block-fe010941\"><h3 class=\"uagb-heading-text\">Szempilla t\u00f6lt\u00e9s<\/h3><\/div>\n\n\n\n<p class=\"has-small-font-size\"><em>HUF 15,000 &#8211; 18,000<\/em><\/p>\n\n\n\n<p>A szempill\u00e1k rendszeres \u2019felt\u00f6lt\u00e9se\u2019 elengedhetetlen a szempillahosszabb\u00edt\u00e1s karbantart\u00e1s\u00e1hoz. Ez mag\u00e1ban foglalja a \u2019len\u0151tt\u2019 szempill\u00e1k elt\u00e1vol\u00edt\u00e1s\u00e1t \u00e9s a hi\u00e1nyok p\u00f3tl\u00e1s\u00e1t, \u00e9s ez\u00e1ltal elker\u00fclhet\u0151 a teljes szempilla \u00e9p\u00edt\u00e9s ism\u00e9tl\u00e9se. Ha azonban t\u00fal sok\u00e1ig v\u00e1runk a t\u00f6lt\u00e9ssel, akkor egy teljes szett \u00e9p\u00edt\u00e9se v\u00e1lik sz\u00fcks\u00e9gess\u00e9.<\/p>\n<\/div>\n\n\n\n<div class=\"wp-block-column is-layout-flow wp-block-column-is-layout-flow\">\n<figure class=\"wp-block-image size-large\"><img loading=\"lazy\" decoding=\"async\" width=\"1024\" height=\"683\" src=\"https:\/\/eszterslashandbrow.com\/wp-content\/uploads\/2025\/12\/Lash-Extension-Removal-1024x683.png\" alt=\"\" class=\"wp-image-2294\" style=\"aspect-ratio:1;object-fit:cover\" srcset=\"https:\/\/eszterslashandbrow.com\/wp-content\/uploads\/2025\/12\/Lash-Extension-Removal-1024x683.png 1024w, https:\/\/eszterslashandbrow.com\/wp-content\/uploads\/2025\/12\/Lash-Extension-Removal-300x200.png 300w, https:\/\/eszterslashandbrow.com\/wp-content\/uploads\/2025\/12\/Lash-Extension-Removal-768x512.png 768w, https:\/\/eszterslashandbrow.com\/wp-content\/uploads\/2025\/12\/Lash-Extension-Removal.png 1536w\" sizes=\"auto, (max-width: 1024px) 100vw, 1024px\" \/><\/figure>\n\n\n\n<div class=\"wp-block-uagb-advanced-heading uagb-block-2b74d6d5\"><h3 class=\"uagb-heading-text\">Szempilla hosszabb\u00edt\u00e1s elt\u00e1vol\u00edt\u00e1sa<\/h3><\/div>\n\n\n\n<p class=\"has-small-font-size\"><em>HUF 5,000<\/em><\/p>\n\n\n\n<p>Szeretn\u00e9l egy kis sz\u00fcnetet tartani a szempillahosszabb\u00edt\u00e1s visel\u00e9s\u00e9ben? A m\u0171szempill\u00e1k elt\u00e1vol\u00edt\u00e1sa egy biztons\u00e1gos \u00e9s k\u00edm\u00e9letes folyamat, amelynek sor\u00e1n a m\u0171szempill\u00e1kat a term\u00e9szetes szempill\u00e1k k\u00e1ros\u00edt\u00e1sa n\u00e9lk\u00fcl, a ragaszt\u00f3 felold\u00e1s\u00e1ra kifejlesztett speci\u00e1lis szempillaelt\u00e1vol\u00edt\u00f3val tudom leszedni. 10 perc alatt vissza\u00e1ll\u00edthat\u00f3 az eredeti \u00e1llapot.<\/p>\n<\/div>\n\n\n\n<div class=\"wp-block-column is-layout-flow wp-block-column-is-layout-flow\">\n<figure class=\"wp-block-image size-full\"><img loading=\"lazy\" decoding=\"async\" width=\"2560\" height=\"1707\" src=\"https:\/\/eszterslashandbrow.com\/wp-content\/uploads\/2026\/01\/SCH_0446-scaled.jpg\" alt=\"\" class=\"wp-image-2346\" style=\"aspect-ratio:1;object-fit:cover\" srcset=\"https:\/\/eszterslashandbrow.com\/wp-content\/uploads\/2026\/01\/SCH_0446-scaled.jpg 2560w, https:\/\/eszterslashandbrow.com\/wp-content\/uploads\/2026\/01\/SCH_0446-300x200.jpg 300w, https:\/\/eszterslashandbrow.com\/wp-content\/uploads\/2026\/01\/SCH_0446-1024x683.jpg 1024w, https:\/\/eszterslashandbrow.com\/wp-content\/uploads\/2026\/01\/SCH_0446-768x512.jpg 768w, https:\/\/eszterslashandbrow.com\/wp-content\/uploads\/2026\/01\/SCH_0446-1536x1024.jpg 1536w, https:\/\/eszterslashandbrow.com\/wp-content\/uploads\/2026\/01\/SCH_0446-2048x1365.jpg 2048w, https:\/\/eszterslashandbrow.com\/wp-content\/uploads\/2026\/01\/SCH_0446-18x12.jpg 18w\" sizes=\"auto, (max-width: 2560px) 100vw, 2560px\" \/><\/figure>\n\n\n\n<div class=\"wp-block-uagb-advanced-heading uagb-block-16ed2c44\"><h3 class=\"uagb-heading-text\">Szempilla \u2019lifting\u2019 \u00edvel\u00e9s \u00e9s fest\u00e9s<\/h3><\/div>\n\n\n\n<p class=\"has-small-font-size\"><em>HUF 15,000 + 5,000<\/em><\/p>\n\n\n\n<p class=\"translation-block\">Ha nem szeretn\u00e9l kett\u0151-n\u00e9gy hetente t\u00f6lt\u00e9sre j\u00e1rni, de eleged van a minden napi szempillaspir\u00e1loz\u00e1sb\u00f3l \u00e9s az\u00e9rt tart\u00f3san kiemeln\u00e9d a term\u00e9szetes szempill\u00e1idat, akkor a szempilla \u2019lifting\u2019 j\u00f3 v\u00e1laszt\u00e1s lehet sz\u00e1modra. A kezel\u00e9s sor\u00e1n t\u0151b\u0151l gyeng\u00e9den felfel\u00e9 \u00edvelem a term\u00e9szetes szempill\u00e1idat, hogy hosszabbnak \u00e9s l\u00e1tv\u00e1nyosabbnak t\u0171njenek.\n\n\nA szempilla lifting kombin\u00e1lhat\u00f3 szempillafest\u00e9ssel, mely \u00e1ltal a pill\u00e1k m\u00e9g hangs\u00falyosabbak lesznek.<\/p>\n<\/div>\n<\/div>\n\n\n\n<div class=\"wp-block-uagb-container uagb-block-5e79f8ae alignfull uagb-is-root-container\">\n<hr class=\"wp-block-separator has-alpha-channel-opacity\"\/>\n\n\n\n<div class=\"wp-block-uagb-advanced-heading uagb-block-6378a45a\"><h2 class=\"uagb-heading-text\">Szem\u00f6ld\u00f6k styling<\/h2><\/div>\n<\/div>\n\n\n\n<div class=\"wp-block-columns is-layout-flex wp-container-core-columns-is-layout-28f84493 wp-block-columns-is-layout-flex\">\n<div class=\"wp-block-column is-layout-flow wp-block-column-is-layout-flow\">\n<figure class=\"wp-block-image size-full\"><img loading=\"lazy\" decoding=\"async\" width=\"2560\" height=\"2560\" src=\"https:\/\/eszterslashandbrow.com\/wp-content\/uploads\/2026\/01\/SCH_0847-edited-scaled.jpg\" alt=\"\" class=\"wp-image-2356\" style=\"aspect-ratio:1;object-fit:cover\" srcset=\"https:\/\/eszterslashandbrow.com\/wp-content\/uploads\/2026\/01\/SCH_0847-edited-scaled.jpg 2560w, https:\/\/eszterslashandbrow.com\/wp-content\/uploads\/2026\/01\/SCH_0847-edited-300x300.jpg 300w, https:\/\/eszterslashandbrow.com\/wp-content\/uploads\/2026\/01\/SCH_0847-edited-1024x1024.jpg 1024w, https:\/\/eszterslashandbrow.com\/wp-content\/uploads\/2026\/01\/SCH_0847-edited-150x150.jpg 150w, https:\/\/eszterslashandbrow.com\/wp-content\/uploads\/2026\/01\/SCH_0847-edited-768x768.jpg 768w, https:\/\/eszterslashandbrow.com\/wp-content\/uploads\/2026\/01\/SCH_0847-edited-1536x1536.jpg 1536w, https:\/\/eszterslashandbrow.com\/wp-content\/uploads\/2026\/01\/SCH_0847-edited-2048x2048.jpg 2048w, https:\/\/eszterslashandbrow.com\/wp-content\/uploads\/2026\/01\/SCH_0847-edited-12x12.jpg 12w\" sizes=\"auto, (max-width: 2560px) 100vw, 2560px\" \/><\/figure>\n\n\n\n<div class=\"wp-block-uagb-advanced-heading uagb-block-34c0d762\"><h3 class=\"uagb-heading-text\">Szem\u00f6ld\u00f6k lamin\u00e1l\u00e1s<\/h3><\/div>\n\n\n\n<p class=\"has-small-font-size\"><em>HUF 18,000<\/em><\/p>\n\n\n\n<p>A szem\u00f6ld\u00f6k lamin\u00e1l\u00e1s egy keratinos kezel\u00e9s, mely kisim\u00edtja, megemeli \u00e9s egys\u00e9ges ir\u00e1nyba \u00e1ll\u00edtja a szem\u00f6ld\u00f6ksz\u00e1lakat, \u00edgy azok rendezettebnek, teltebbnek \u00e9s hat\u00e1rozottabbnak t\u0171nnek. Megszel\u00edd\u00edti a rakonc\u00e1tlan vagy g\u00f6nd\u00f6r sz\u0151rsz\u00e1lakat is, mely \u00e1ltal \u00e1polt \u00e9s term\u00e9szetes eredm\u00e9nyt \u00e9r\u00fcnk el.<\/p>\n<\/div>\n\n\n\n<div class=\"wp-block-column is-layout-flow wp-block-column-is-layout-flow\">\n<figure class=\"wp-block-image size-large\"><img loading=\"lazy\" decoding=\"async\" width=\"1024\" height=\"683\" src=\"https:\/\/eszterslashandbrow.com\/wp-content\/uploads\/2026\/01\/SCH_0607-1024x683.jpg\" alt=\"\" class=\"wp-image-2347\" style=\"aspect-ratio:1;object-fit:cover\" srcset=\"https:\/\/eszterslashandbrow.com\/wp-content\/uploads\/2026\/01\/SCH_0607-1024x683.jpg 1024w, https:\/\/eszterslashandbrow.com\/wp-content\/uploads\/2026\/01\/SCH_0607-300x200.jpg 300w, https:\/\/eszterslashandbrow.com\/wp-content\/uploads\/2026\/01\/SCH_0607-768x512.jpg 768w, https:\/\/eszterslashandbrow.com\/wp-content\/uploads\/2026\/01\/SCH_0607-1536x1024.jpg 1536w, https:\/\/eszterslashandbrow.com\/wp-content\/uploads\/2026\/01\/SCH_0607-2048x1365.jpg 2048w, https:\/\/eszterslashandbrow.com\/wp-content\/uploads\/2026\/01\/SCH_0607-18x12.jpg 18w\" sizes=\"auto, (max-width: 1024px) 100vw, 1024px\" \/><\/figure>\n\n\n\n<div class=\"wp-block-uagb-advanced-heading uagb-block-800132db\"><h3 class=\"uagb-heading-text\">Szem\u00f6ld\u00f6k form\u00e1z\u00e1s<\/h3><\/div>\n\n\n\n<p class=\"has-small-font-size\"><em>HUF 5,000<\/em><\/p>\n\n\n\n<p>A c\u00e9rn\u00e1z\u00e1s egy term\u00e9szetes \u00e9s k\u00f6rnyezetbar\u00e1t m\u00f3dja annak, hogy m\u00e9g a nagyon finom sz\u0151rsz\u00e1lakat is elt\u00e1vol\u00edtsuk b\u00e1rhol az arcon. Kiv\u00e1l\u00f3 az \u00e9les \u00e9s hat\u00e1rozott szem\u00f6ld\u00f6kvonalak megalkot\u00e1s\u00e1hoz , nem ig\u00e9nyel h\u0151t vagy viaszt, \u00edgy ide\u00e1lis \u00e9rz\u00e9keny vagy pattan\u00e1sos b\u0151rre is. Nem okoz irrit\u00e1ci\u00f3t. A c\u00e9rn\u00e1s szed\u00e9st csipesszel eg\u00e9sz\u00edtem ki amennyiben sz\u00fcks\u00e9ges.<\/p>\n<\/div>\n\n\n\n<div class=\"wp-block-column is-layout-flow wp-block-column-is-layout-flow\">\n<figure class=\"wp-block-image size-full\"><img loading=\"lazy\" decoding=\"async\" width=\"2560\" height=\"1707\" src=\"https:\/\/eszterslashandbrow.com\/wp-content\/uploads\/2026\/01\/SCH_0815-scaled.jpg\" alt=\"\" class=\"wp-image-2353\" style=\"aspect-ratio:1;object-fit:cover\" srcset=\"https:\/\/eszterslashandbrow.com\/wp-content\/uploads\/2026\/01\/SCH_0815-scaled.jpg 2560w, https:\/\/eszterslashandbrow.com\/wp-content\/uploads\/2026\/01\/SCH_0815-300x200.jpg 300w, https:\/\/eszterslashandbrow.com\/wp-content\/uploads\/2026\/01\/SCH_0815-1024x683.jpg 1024w, https:\/\/eszterslashandbrow.com\/wp-content\/uploads\/2026\/01\/SCH_0815-768x512.jpg 768w, https:\/\/eszterslashandbrow.com\/wp-content\/uploads\/2026\/01\/SCH_0815-1536x1024.jpg 1536w, https:\/\/eszterslashandbrow.com\/wp-content\/uploads\/2026\/01\/SCH_0815-2048x1365.jpg 2048w, https:\/\/eszterslashandbrow.com\/wp-content\/uploads\/2026\/01\/SCH_0815-18x12.jpg 18w\" sizes=\"auto, (max-width: 2560px) 100vw, 2560px\" \/><\/figure>\n\n\n\n<div class=\"wp-block-uagb-advanced-heading uagb-block-1657b20f\"><h3 class=\"uagb-heading-text\">Szem\u00f6ld\u00f6k fest\u00e9s<\/h3><\/div>\n\n\n\n<p class=\"has-small-font-size\"><em>HUF 5,000<\/em><\/p>\n\n\n\n<p>A fest\u00e9s s\u00f6t\u00e9t\u00edti a szem\u00f6ld\u00f6ksz\u00e1lakat \u00e9s hat\u00e1rozottabb\u00e1 teszi azokat. A sz\u0151r \u00e9s n\u00e9mik\u00e9pp a b\u0151r fest\u00e9s\u00e9vel egyar\u00e1nt teltebb hat\u00e1st \u00e9rhet\u00fcnk el. A sz\u00edn folyamatosan kopik le, ekkor a fest\u00e9st ism\u00e9telni aj\u00e1nlott.<\/p>\n<\/div>\n<\/div>\n\n\n\n<div class=\"wp-block-buttons alignwide is-content-justification-center is-layout-flex wp-container-core-buttons-is-layout-a89b3969 wp-block-buttons-is-layout-flex\">\n<div class=\"wp-block-button is-style-outline is-style-outline--1\"><a class=\"wp-block-button__link has-text-align-center wp-element-button\" href=\"\/hu\/contact\/\">L\u00e9pj kapcsolatba velem a foglal\u00e1shoz<\/a><\/div>\n<\/div>\n\n\n\n<div style=\"height:20px\" aria-hidden=\"true\" class=\"wp-block-spacer\"><\/div>","protected":false},"excerpt":{"rendered":"<p>Services &amp; Pricing Lashes Classic Lash Extensions HUF 20,000 Ideal for those looking for the most natural look. In this technique, one individual lash is placed on one natural eyelash to create a natural but more defined and lengthened look. The result is like mascara but cleaner and tidier. Volume Lash Extensions HUF 25,000 This [&hellip;]<\/p>","protected":false},"author":1,"featured_media":0,"parent":0,"menu_order":0,"comment_status":"closed","ping_status":"closed","template":"","meta":{"_uag_custom_page_level_css":"","footnotes":""},"class_list":["post-449","page","type-page","status-publish","hentry"],"blocksy_meta":[],"aioseo_notices":[],"_hostinger_reach_plugin_has_subscription_block":false,"_hostinger_reach_plugin_is_elementor":false,"uagb_featured_image_src":{"full":false,"thumbnail":false,"medium":false,"medium_large":false,"large":false,"1536x1536":false,"2048x2048":false,"trp-custom-language-flag":false,"widget-thumbnail":false},"uagb_author_info":{"display_name":"08ndean@googlemail.com","author_link":"https:\/\/eszterslashandbrow.com\/hu\/author\/08ndeangooglemail-com\/"},"uagb_comment_info":0,"uagb_excerpt":"Services &amp; Pricing Lashes Classic Lash Extensions HUF 20,000 Ideal for those looking for the most natural look. In this technique, one individual lash is placed on one natural eyelash to create a natural but more defined and lengthened look. The result is like mascara but cleaner and tidier. Volume Lash Extensions HUF 25,000 This&hellip;","_links":{"self":[{"href":"https:\/\/eszterslashandbrow.com\/hu\/wp-json\/wp\/v2\/pages\/449","targetHints":{"allow":["GET"]}}],"collection":[{"href":"https:\/\/eszterslashandbrow.com\/hu\/wp-json\/wp\/v2\/pages"}],"about":[{"href":"https:\/\/eszterslashandbrow.com\/hu\/wp-json\/wp\/v2\/types\/page"}],"author":[{"embeddable":true,"href":"https:\/\/eszterslashandbrow.com\/hu\/wp-json\/wp\/v2\/users\/1"}],"replies":[{"embeddable":true,"href":"https:\/\/eszterslashandbrow.com\/hu\/wp-json\/wp\/v2\/comments?post=449"}],"version-history":[{"count":33,"href":"https:\/\/eszterslashandbrow.com\/hu\/wp-json\/wp\/v2\/pages\/449\/revisions"}],"predecessor-version":[{"id":2492,"href":"https:\/\/eszterslashandbrow.com\/hu\/wp-json\/wp\/v2\/pages\/449\/revisions\/2492"}],"wp:attachment":[{"href":"https:\/\/eszterslashandbrow.com\/hu\/wp-json\/wp\/v2\/media?parent=449"}],"curies":[{"name":"wp","href":"https:\/\/api.w.org\/{rel}","templated":true}]}}