{"id":447,"date":"2025-11-02T21:56:43","date_gmt":"2025-11-02T21:56:43","guid":{"rendered":"https:\/\/eszterslashandbrow.com\/about\/"},"modified":"2026-01-24T10:31:58","modified_gmt":"2026-01-24T10:31:58","slug":"my-story","status":"publish","type":"page","link":"https:\/\/eszterslashandbrow.com\/hu\/my-story\/","title":{"rendered":"Az \u00e9n t\u00f6rt\u00e9netem"},"content":{"rendered":"<div class=\"wp-block-uagb-container uagb-block-2409a7af alignfull uagb-is-root-container\"><div class=\"uagb-container-inner-blocks-wrap\">\n<div class=\"wp-block-uagb-advanced-heading uagb-block-cfddfce9\"><h1 class=\"uagb-heading-text\">Az \u00e9n t\u00f6rt\u00e9netem<\/h1><\/div>\n<\/div><\/div>\n\n\n\n<div style=\"height:90px\" aria-hidden=\"true\" class=\"wp-block-spacer\"><\/div>\n\n\n\n<div class=\"wp-block-uagb-container uagb-block-388a2021 alignfull uagb-is-root-container\">\n<div class=\"wp-block-uagb-container uagb-layout-flex uagb-block-78b9333b\">\n<figure class=\"wp-block-image aligncenter size-full is-resized\"><img loading=\"lazy\" decoding=\"async\" width=\"548\" height=\"548\" src=\"https:\/\/eszterslashandbrow.com\/wp-content\/uploads\/2026\/01\/Eszter-Profile-edited.jpg\" alt=\"\" class=\"wp-image-2362\" style=\"width:760px;height:auto\" srcset=\"https:\/\/eszterslashandbrow.com\/wp-content\/uploads\/2026\/01\/Eszter-Profile-edited.jpg 548w, https:\/\/eszterslashandbrow.com\/wp-content\/uploads\/2026\/01\/Eszter-Profile-edited-300x300.jpg 300w, https:\/\/eszterslashandbrow.com\/wp-content\/uploads\/2026\/01\/Eszter-Profile-edited-150x150.jpg 150w, https:\/\/eszterslashandbrow.com\/wp-content\/uploads\/2026\/01\/Eszter-Profile-edited-12x12.jpg 12w\" sizes=\"auto, (max-width: 548px) 100vw, 548px\" \/><\/figure>\n<\/div>\n\n\n\n<div class=\"wp-block-uagb-container uagb-block-f272c3aa\">\n<div class=\"wp-block-uagb-advanced-heading uagb-block-6f5d8178\"><h2 class=\"uagb-heading-text\">Egy kicsit r\u00f3lam...<\/h2><\/div>\n\n\n\n<div class=\"wp-block-uagb-advanced-heading uagb-block-2e5c90ac\"><p class=\"uagb-heading-text\">Szakmai \u00e9letemet mostan\u00e1ig kiz\u00e1r\u00f3lag a multivil\u00e1gban fel\u00e9p\u00edtett karrierem, ezen bel\u00fcl is az elm\u00falt \u00e9vtizedben fels\u0151vezet\u0151i poz\u00edci\u00f3m t\u00f6lt\u00f6tte ki. H\u00e1l\u00e1val, el\u00e9gedetts\u00e9ggel, meghat\u00f3dottan, de m\u00e1r egyre kevesebb v\u00e1gy\u00f3d\u00e1ssal gondolok vissza ezekre az \u00e9vekre ami\u00f3ta n\u00e9h\u00e1ny mindent megv\u00e1ltoztat\u00f3 esem\u00e9ny felforgatta az \u00e9letemet. E felforgat\u00f3d\u00e1s k\u00f6zepette valahogy v\u00e9gre megengedtem magamnak nem elnyomni mindink\u00e1bb er\u0151s\u00f6d\u0151 \u00e9rz\u00e9seket. T\u00f6bbek k\u00f6zt azt a v\u00e1gyat, hogy szabadabban rendelkezzem az id\u0151mmel, valamint, hogy a megl\u00e9v\u0151 hivat\u00e1som mellett belekezdjek egy eg\u00e9szen m\u00e1s, egy\u00e1ltal\u00e1n nem corporate, hanem nagyon is \u2019emberk\u00f6zeli\u2019 szakm\u00e1ba, mely m\u00e1r hossz\u00fa ideje csendben k\u00f6zel \u00e1llt a sz\u00edvemhez. A st\u00edlus \u00e9s a k\u00f6nnyed\u00e9n eleg\u00e1ns megjelen\u00e9s mindig is leny\u0171g\u00f6z\u00f6tt. <br><br>Azt\u00e1n k\u00fclf\u00f6ld\u00f6n \u00e9lve megtapasztaltam azt a kiv\u00e9teles szak\u00e9rtelmet, professzionalizmust \u00e9s a szakm\u00e1ban alkalmazhat\u00f3 intelligenci\u00e1t is, ami arra \u00f6szt\u00f6nz\u00f6tt, hogy hivatalos k\u00e9pz\u00e9seken vegyek r\u00e9szt, \u00e9s megszerezzem a legmagasabb szint\u0171 szempilla- \u00e9s szem\u00f6ld\u00f6k stylist k\u00e9pes\u00edt\u00e9seket. <br><br>Ma az eredeti szakm\u00e1mat szabad\u00fasz\u00f3k\u00e9nt, gyakorlom, mely id\u0151t \u00e9s teret enged a sz\u00e9ps\u00e9giparbeli amb\u00edci\u00f3im \u00e9lvezet\u00e9hez. Ugyanazzal a t\u00f6r\u0151d\u00e9ssel, r\u00e9szletekre val\u00f3 odafigyel\u00e9ssel, elk\u00f6telezetts\u00e9ggel, kitart\u00e1ssal, \u00e1tgondolt precizit\u00e1ssal szolg\u00e1lom ki a vend\u00e9geimet mint a v\u00e1llalati karrierem sor\u00e1n az \u00fcgyfeleimet.  Munk\u00e1im term\u00e9szetesen eleg\u00e1nsak, a mindennapi \u00e9letben magabiztosan hordhat\u00f3ak.<br><br>\u00c9s a b\u00f3nusz, az \u00faj ter\u00fclet egyik legfelemel\u0151bb aj\u00e1nd\u00e9ka az, hogy megannyi inspir\u00e1l\u00f3, \u00e9rdekes n\u0151vel tal\u00e1lkozom. V\u00e1rlak t\u00e9ged is nagy szeretettel.<\/p><\/div>\n<\/div>\n<\/div>\n\n\n\n<div class=\"wp-block-uagb-container uagb-block-6d71da2a alignfull uagb-is-root-container\"><div class=\"uagb-container-inner-blocks-wrap\">\n<div class=\"wp-block-uagb-container uagb-block-933acca4\">\n<div class=\"wp-block-uagb-advanced-heading uagb-block-6bca961b\"><h2 class=\"uagb-heading-text\">My Qualifications<\/h2><\/div>\n\n\n\n<div class=\"wp-block-uagb-container uagb-block-f83a54fc alignfull uagb-is-root-container\"><div class=\"uagb-container-inner-blocks-wrap\">\n<ul class=\"wp-block-list\">\n<li>Eyelash Lamination Artist &#8211; Certified by Oko Lash&amp;Brow (September 2025)<\/li>\n\n\n\n<li>Brow Artist &#8211; Certified by Oko Lash&amp;Brow (September 2025)<\/li>\n\n\n\n<li>Lash Artist &#8211; Certified by Pillantas by Godo Fanni (October 2025)<\/li>\n<\/ul>\n<\/div><\/div>\n<\/div>\n\n\n\n<div class=\"wp-block-uagb-container uagb-block-42021ec1 alignfull uagb-is-root-container\"><div class=\"uagb-container-inner-blocks-wrap\">\n<figure class=\"wp-block-image size-large\"><img loading=\"lazy\" decoding=\"async\" width=\"2560\" height=\"1919\" src=\"https:\/\/eszterslashandbrow.com\/wp-content\/uploads\/2026\/01\/SCH_0772-edited-scaled.jpg\" alt=\"\" class=\"wp-image-2385\" srcset=\"https:\/\/eszterslashandbrow.com\/wp-content\/uploads\/2026\/01\/SCH_0772-edited-scaled.jpg 2560w, https:\/\/eszterslashandbrow.com\/wp-content\/uploads\/2026\/01\/SCH_0772-edited-300x225.jpg 300w, https:\/\/eszterslashandbrow.com\/wp-content\/uploads\/2026\/01\/SCH_0772-edited-1024x768.jpg 1024w, https:\/\/eszterslashandbrow.com\/wp-content\/uploads\/2026\/01\/SCH_0772-edited-768x576.jpg 768w, https:\/\/eszterslashandbrow.com\/wp-content\/uploads\/2026\/01\/SCH_0772-edited-1536x1151.jpg 1536w, https:\/\/eszterslashandbrow.com\/wp-content\/uploads\/2026\/01\/SCH_0772-edited-2048x1535.jpg 2048w, https:\/\/eszterslashandbrow.com\/wp-content\/uploads\/2026\/01\/SCH_0772-edited-16x12.jpg 16w\" sizes=\"auto, (max-width: 2560px) 100vw, 2560px\" \/><\/figure>\n<\/div><\/div>\n<\/div><\/div>\n\n\n\n<div style=\"height:90px\" aria-hidden=\"true\" class=\"wp-block-spacer\"><\/div>\n\n\n\n<p><\/p>","protected":false},"excerpt":{"rendered":"<p>My Story A Little Bit About Me&#8230; For most of my life, I built my career in the corporate world, spending the last decade in senior leadership roles. It was a dynamic and fulfilling journey, and one I look back on with gratitude. Over time, however, a series of life-changing moments, a growing desire for [&hellip;]<\/p>","protected":false},"author":1,"featured_media":0,"parent":0,"menu_order":0,"comment_status":"closed","ping_status":"closed","template":"","meta":{"_uag_custom_page_level_css":"","footnotes":""},"class_list":["post-447","page","type-page","status-publish","hentry"],"blocksy_meta":[],"aioseo_notices":[],"_hostinger_reach_plugin_has_subscription_block":false,"_hostinger_reach_plugin_is_elementor":false,"uagb_featured_image_src":{"full":false,"thumbnail":false,"medium":false,"medium_large":false,"large":false,"1536x1536":false,"2048x2048":false,"trp-custom-language-flag":false,"widget-thumbnail":false},"uagb_author_info":{"display_name":"08ndean@googlemail.com","author_link":"https:\/\/eszterslashandbrow.com\/hu\/author\/08ndeangooglemail-com\/"},"uagb_comment_info":0,"uagb_excerpt":"My Story A Little Bit About Me&#8230; For most of my life, I built my career in the corporate world, spending the last decade in senior leadership roles. It was a dynamic and fulfilling journey, and one I look back on with gratitude. Over time, however, a series of life-changing moments, a growing desire for&hellip;","_links":{"self":[{"href":"https:\/\/eszterslashandbrow.com\/hu\/wp-json\/wp\/v2\/pages\/447","targetHints":{"allow":["GET"]}}],"collection":[{"href":"https:\/\/eszterslashandbrow.com\/hu\/wp-json\/wp\/v2\/pages"}],"about":[{"href":"https:\/\/eszterslashandbrow.com\/hu\/wp-json\/wp\/v2\/types\/page"}],"author":[{"embeddable":true,"href":"https:\/\/eszterslashandbrow.com\/hu\/wp-json\/wp\/v2\/users\/1"}],"replies":[{"embeddable":true,"href":"https:\/\/eszterslashandbrow.com\/hu\/wp-json\/wp\/v2\/comments?post=447"}],"version-history":[{"count":57,"href":"https:\/\/eszterslashandbrow.com\/hu\/wp-json\/wp\/v2\/pages\/447\/revisions"}],"predecessor-version":[{"id":2493,"href":"https:\/\/eszterslashandbrow.com\/hu\/wp-json\/wp\/v2\/pages\/447\/revisions\/2493"}],"wp:attachment":[{"href":"https:\/\/eszterslashandbrow.com\/hu\/wp-json\/wp\/v2\/media?parent=447"}],"curies":[{"name":"wp","href":"https:\/\/api.w.org\/{rel}","templated":true}]}}